{"id":412,"date":"2023-11-23T15:59:09","date_gmt":"2023-11-23T15:59:09","guid":{"rendered":"https:\/\/teap.canadianchemistry.ca\/about-us\/"},"modified":"2024-09-19T15:22:23","modified_gmt":"2024-09-19T15:22:23","slug":"about-us","status":"publish","type":"page","link":"https:\/\/teap.canadianchemistry.ca\/fr\/about-us\/","title":{"rendered":"\u00c0 propos de nous"},"content":{"rendered":"\n<p><a href=\"http:\/\/chimiecanadienne.ca\/index.php\/fr\/index\" target=\"_blank\" rel=\"noreferrer noopener\"><strong>L\u2019Association canadienne de l\u2019industrie de la chimie<\/strong><\/a>&nbsp;(ACIC) est une association nationale qui repr\u00e9sente les principales compagnies chimiques du Canada \u2013 des fabricants de produits chimiques sp\u00e9cialis\u00e9s, p\u00e9trochimiques, inorganiques et biologiques, en passant par les firmes de technologie et de R&amp;D.&nbsp; Par l\u2019initiative de la&nbsp;<a href=\"http:\/\/chimiecanadienne.ca\/responsible_care\/index.php\/fr\/index\" target=\"_blank\" rel=\"noreferrer noopener\"><strong>Gestion responsable<sup>MD<\/sup><\/strong><\/a>, l\u2019ACIC est reconnue comme un chef de file mondial de la gestion durable des produits chimiques.<\/p>\n\n\n\n<p>L\u2019ACIC collabore avec diverses organisations partenaires afin de maintenir la&nbsp;<strong><em><a href=\"https:\/\/teap3.ca\/wp-content\/uploads\/2018\/05\/TEAP-III-Transportation-Emergency-Response-Service-Provider-Standard-FR.pdf\" target=\"_blank\" rel=\"noreferrer noopener\">Norme TEAP III pour les fournisseurs de services d\u2019intervention d\u2019urgence en transport<\/a><\/em><\/strong><em>,&nbsp;<\/em>qui d\u00e9finit les crit\u00e8res utilis\u00e9s par les \u00e9quipes du TEAP afin d\u2019\u00e9valuer la capacit\u00e9 des fournisseurs de services \u00e0 att\u00e9nuer de fa\u00e7on s\u00e9curitaire l\u2019impact des incidents li\u00e9s au transport de produits chimiques. &nbsp;Ces partenaires sont entre autres&nbsp;:<\/p>\n\n\n\n<ul class=\"wp-block-list\">\n<li><strong><a href=\"https:\/\/tc.canada.ca\/fr\/marchandises-dangereuses\/transport-marchandises-dangereuses-canada\">La Direction g\u00e9n\u00e9rale du TMD de Transports Canada<\/a><\/strong><\/li>\n\n\n\n<li><strong><a href=\"https:\/\/rdcanada.ca\/\">Distribution Responsable Canada<\/a><\/strong><\/li>\n\n\n\n<li><strong><a href=\"https:\/\/www.railcan.ca\/fr\/\">L\u2019Association des chemins de fer du Canada<\/a><\/strong><\/li>\n\n\n\n<li><strong><a href=\"https:\/\/www.cn.ca\/fr\/\">Canadian National (CN)<\/a><\/strong><\/li>\n\n\n\n<li><strong><a href=\"https:\/\/www.cpkcr.com\/fr\">Canadian Pacific Kansas City (CPKC) <\/a><\/strong><\/li>\n\n\n\n<li><strong><a href=\"https:\/\/www.cerca-aceiu.ca\/fr\/#:~:text=L'Alliance%20canadienne%20des%20entrepreneurs,qui%20impliquent%20des%20marchandises%20dangereuses.\">L\u2019Alliance canadienne des entrepreneurs en interventions d\u2019urgence<\/a><\/strong><\/li>\n\n\n\n<li><a href=\"https:\/\/www.chlorineinstitute.org\/chlorep\"><strong>Le Chlorine Institute Emergency Response Plan, CHLOREP<\/strong>\u00a0(Canada)<\/a><\/li>\n<\/ul>\n\n\n<section class=\"section section--logo-carousel retain-top-padding\">\n    <div class=\"grid-container\">\n                                <ul class=\"logo-carousel\">\n                                        <li>\n                                                            <img decoding=\"async\" src=\"https:\/\/chimiecanadienne.ca\/wp-content\/uploads\/sites\/3\/2023\/12\/cercalogo1-1-300x139-1.png\" alt=\"\">\n                                                    <\/li>\n                                                <li>\n                                                            <img decoding=\"async\" src=\"https:\/\/chimiecanadienne.ca\/wp-content\/uploads\/sites\/3\/2023\/12\/TC-300x150-1.gif\" alt=\"\">\n                                                    <\/li>\n                                                <li>\n                                                            <img decoding=\"async\" src=\"https:\/\/chimiecanadienne.ca\/wp-content\/uploads\/sites\/3\/2023\/12\/RDC-DRC-Responsible-Distribution-Canada-Distribution-Responsable-Canada-300x185-1.png\" alt=\"\">\n                                                    <\/li>\n                                                <li>\n                                                            <img decoding=\"async\" src=\"https:\/\/chimiecanadienne.ca\/wp-content\/uploads\/sites\/3\/2023\/12\/RAC-300x150-1.gif\" alt=\"\">\n                                                    <\/li>\n                                                <li>\n                                                            <img decoding=\"async\" src=\"https:\/\/chimiecanadienne.ca\/wp-content\/uploads\/sites\/3\/2023\/12\/CP-Resize.png\" alt=\"\">\n                                                    <\/li>\n                                                <li>\n                                                            <img decoding=\"async\" src=\"https:\/\/chimiecanadienne.ca\/wp-content\/uploads\/sites\/3\/2023\/12\/CIAC-en-new-300x130-1.jpg\" alt=\"\">\n                                                    <\/li>\n                                                <li>\n                                                            <img decoding=\"async\" src=\"https:\/\/chimiecanadienne.ca\/wp-content\/uploads\/sites\/3\/2023\/12\/CN-300x150-1.gif\" alt=\"\">\n                                                    <\/li>\n                                                <li>\n                                                            <img decoding=\"async\" src=\"https:\/\/chimiecanadienne.ca\/wp-content\/uploads\/sites\/3\/2023\/12\/CI-300x150-1.gif\" alt=\"\">\n                                                    <\/li>\n                                      <\/ul>\n                  <\/div>\n<\/section>","protected":false},"excerpt":{"rendered":"<p>L\u2019Association canadienne de l\u2019industrie de la chimie&nbsp;(ACIC) est une association nationale qui repr\u00e9sente les principales compagnies chimiques du Canada \u2013 des fabricants de produits chimiques sp\u00e9cialis\u00e9s, p\u00e9trochimiques, inorganiques et biologiques, en passant par les firmes de technologie et de R&amp;D.&nbsp; Par l\u2019initiative de la&nbsp;Gestion responsableMD, l\u2019ACIC est reconnue comme un chef de file mondial de [&hellip;]<\/p>\n","protected":false},"author":4,"featured_media":0,"parent":0,"menu_order":0,"comment_status":"closed","ping_status":"closed","template":"template-page_title.php","meta":{"_acf_changed":false,"footnotes":""},"class_list":["post-412","page","type-page","status-publish","hentry"],"acf":[],"yoast_head":"<!-- This site is optimized with the Yoast SEO plugin v27.3 - https:\/\/yoast.com\/product\/yoast-seo-wordpress\/ -->\n<title>\u00c0 propos de nous - TEAP III<\/title>\n<meta name=\"robots\" content=\"index, follow, max-snippet:-1, max-image-preview:large, max-video-preview:-1\" \/>\n<link rel=\"canonical\" href=\"https:\/\/teap.canadianchemistry.ca\/fr\/about-us\/\" \/>\n<meta property=\"og:locale\" content=\"fr_FR\" \/>\n<meta property=\"og:type\" content=\"article\" \/>\n<meta property=\"og:title\" content=\"\u00c0 propos de nous - TEAP III\" \/>\n<meta property=\"og:description\" content=\"L\u2019Association canadienne de l\u2019industrie de la chimie&nbsp;(ACIC) est une association nationale qui repr\u00e9sente les principales compagnies chimiques du Canada \u2013 des fabricants de produits chimiques sp\u00e9cialis\u00e9s, p\u00e9trochimiques, inorganiques et biologiques, en passant par les firmes de technologie et de R&amp;D.&nbsp; Par l\u2019initiative de la&nbsp;Gestion responsableMD, l\u2019ACIC est reconnue comme un chef de file mondial de [&hellip;]\" \/>\n<meta property=\"og:url\" content=\"https:\/\/teap.canadianchemistry.ca\/fr\/about-us\/\" \/>\n<meta property=\"og:site_name\" content=\"TEAP III\" \/>\n<meta property=\"article:modified_time\" content=\"2024-09-19T15:22:23+00:00\" \/>\n<meta name=\"twitter:card\" content=\"summary_large_image\" \/>\n<meta name=\"twitter:label1\" content=\"Dur\u00e9e de lecture estim\u00e9e\" \/>\n\t<meta name=\"twitter:data1\" content=\"1 minute\" \/>\n<script type=\"application\/ld+json\" class=\"yoast-schema-graph\">{\"@context\":\"https:\\\/\\\/schema.org\",\"@graph\":[{\"@type\":\"WebPage\",\"@id\":\"https:\\\/\\\/teap.canadianchemistry.ca\\\/fr\\\/about-us\\\/\",\"url\":\"https:\\\/\\\/teap.canadianchemistry.ca\\\/fr\\\/about-us\\\/\",\"name\":\"\u00c0 propos de nous - TEAP III\",\"isPartOf\":{\"@id\":\"https:\\\/\\\/teap.canadianchemistry.ca\\\/#website\"},\"datePublished\":\"2023-11-23T15:59:09+00:00\",\"dateModified\":\"2024-09-19T15:22:23+00:00\",\"breadcrumb\":{\"@id\":\"https:\\\/\\\/teap.canadianchemistry.ca\\\/fr\\\/about-us\\\/#breadcrumb\"},\"inLanguage\":\"fr-FR\",\"potentialAction\":[{\"@type\":\"ReadAction\",\"target\":[\"https:\\\/\\\/teap.canadianchemistry.ca\\\/fr\\\/about-us\\\/\"]}]},{\"@type\":\"BreadcrumbList\",\"@id\":\"https:\\\/\\\/teap.canadianchemistry.ca\\\/fr\\\/about-us\\\/#breadcrumb\",\"itemListElement\":[{\"@type\":\"ListItem\",\"position\":1,\"name\":\"Home\",\"item\":\"https:\\\/\\\/teap.canadianchemistry.ca\\\/fr\\\/\"},{\"@type\":\"ListItem\",\"position\":2,\"name\":\"\u00c0 propos de nous\"}]},{\"@type\":\"WebSite\",\"@id\":\"https:\\\/\\\/teap.canadianchemistry.ca\\\/#website\",\"url\":\"https:\\\/\\\/teap.canadianchemistry.ca\\\/\",\"name\":\"TEAP III\",\"description\":\"\",\"potentialAction\":[{\"@type\":\"SearchAction\",\"target\":{\"@type\":\"EntryPoint\",\"urlTemplate\":\"https:\\\/\\\/teap.canadianchemistry.ca\\\/?s={search_term_string}\"},\"query-input\":{\"@type\":\"PropertyValueSpecification\",\"valueRequired\":true,\"valueName\":\"search_term_string\"}}],\"inLanguage\":\"fr-FR\"}]}<\/script>\n<!-- \/ Yoast SEO plugin. -->","yoast_head_json":{"title":"\u00c0 propos de nous - TEAP III","robots":{"index":"index","follow":"follow","max-snippet":"max-snippet:-1","max-image-preview":"max-image-preview:large","max-video-preview":"max-video-preview:-1"},"canonical":"https:\/\/teap.canadianchemistry.ca\/fr\/about-us\/","og_locale":"fr_FR","og_type":"article","og_title":"\u00c0 propos de nous - TEAP III","og_description":"L\u2019Association canadienne de l\u2019industrie de la chimie&nbsp;(ACIC) est une association nationale qui repr\u00e9sente les principales compagnies chimiques du Canada \u2013 des fabricants de produits chimiques sp\u00e9cialis\u00e9s, p\u00e9trochimiques, inorganiques et biologiques, en passant par les firmes de technologie et de R&amp;D.&nbsp; Par l\u2019initiative de la&nbsp;Gestion responsableMD, l\u2019ACIC est reconnue comme un chef de file mondial de [&hellip;]","og_url":"https:\/\/teap.canadianchemistry.ca\/fr\/about-us\/","og_site_name":"TEAP III","article_modified_time":"2024-09-19T15:22:23+00:00","twitter_card":"summary_large_image","twitter_misc":{"Dur\u00e9e de lecture estim\u00e9e":"1 minute"},"schema":{"@context":"https:\/\/schema.org","@graph":[{"@type":"WebPage","@id":"https:\/\/teap.canadianchemistry.ca\/fr\/about-us\/","url":"https:\/\/teap.canadianchemistry.ca\/fr\/about-us\/","name":"\u00c0 propos de nous - TEAP III","isPartOf":{"@id":"https:\/\/teap.canadianchemistry.ca\/#website"},"datePublished":"2023-11-23T15:59:09+00:00","dateModified":"2024-09-19T15:22:23+00:00","breadcrumb":{"@id":"https:\/\/teap.canadianchemistry.ca\/fr\/about-us\/#breadcrumb"},"inLanguage":"fr-FR","potentialAction":[{"@type":"ReadAction","target":["https:\/\/teap.canadianchemistry.ca\/fr\/about-us\/"]}]},{"@type":"BreadcrumbList","@id":"https:\/\/teap.canadianchemistry.ca\/fr\/about-us\/#breadcrumb","itemListElement":[{"@type":"ListItem","position":1,"name":"Home","item":"https:\/\/teap.canadianchemistry.ca\/fr\/"},{"@type":"ListItem","position":2,"name":"\u00c0 propos de nous"}]},{"@type":"WebSite","@id":"https:\/\/teap.canadianchemistry.ca\/#website","url":"https:\/\/teap.canadianchemistry.ca\/","name":"TEAP III","description":"","potentialAction":[{"@type":"SearchAction","target":{"@type":"EntryPoint","urlTemplate":"https:\/\/teap.canadianchemistry.ca\/?s={search_term_string}"},"query-input":{"@type":"PropertyValueSpecification","valueRequired":true,"valueName":"search_term_string"}}],"inLanguage":"fr-FR"}]}},"_links":{"self":[{"href":"https:\/\/teap.canadianchemistry.ca\/fr\/wp-json\/wp\/v2\/pages\/412","targetHints":{"allow":["GET"]}}],"collection":[{"href":"https:\/\/teap.canadianchemistry.ca\/fr\/wp-json\/wp\/v2\/pages"}],"about":[{"href":"https:\/\/teap.canadianchemistry.ca\/fr\/wp-json\/wp\/v2\/types\/page"}],"author":[{"embeddable":true,"href":"https:\/\/teap.canadianchemistry.ca\/fr\/wp-json\/wp\/v2\/users\/4"}],"replies":[{"embeddable":true,"href":"https:\/\/teap.canadianchemistry.ca\/fr\/wp-json\/wp\/v2\/comments?post=412"}],"version-history":[{"count":3,"href":"https:\/\/teap.canadianchemistry.ca\/fr\/wp-json\/wp\/v2\/pages\/412\/revisions"}],"predecessor-version":[{"id":458,"href":"https:\/\/teap.canadianchemistry.ca\/fr\/wp-json\/wp\/v2\/pages\/412\/revisions\/458"}],"wp:attachment":[{"href":"https:\/\/teap.canadianchemistry.ca\/fr\/wp-json\/wp\/v2\/media?parent=412"}],"curies":[{"name":"wp","href":"https:\/\/api.w.org\/{rel}","templated":true}]}}