{"id":417,"date":"2023-11-23T16:00:41","date_gmt":"2023-11-23T16:00:41","guid":{"rendered":"https:\/\/teap.canadianchemistry.ca\/service-providers\/"},"modified":"2026-03-17T17:45:59","modified_gmt":"2026-03-17T17:45:59","slug":"service-providers","status":"publish","type":"page","link":"https:\/\/teap.canadianchemistry.ca\/fr\/service-providers\/","title":{"rendered":"Fournisseurs de services"},"content":{"rendered":"\n<p>Voici une liste des fournisseurs de services d\u2019intervention d\u2019urgence en transport (FSIUT) TEAP III, par province.<\/p>\n\n\n\n<p>Tous les deux ans, chaque fournisseur est sujet \u00e0 une \u00e9valuation.&nbsp; Pendant l\u2019ann\u00e9e sans v\u00e9rification, les fournisseurs de services doivent pr\u00e9parer un rapport d\u2019auto\u00e9valuation \u2013 la&nbsp;<em><strong><a href=\"http:\/\/teap3.ca\/wp-content\/uploads\/2018\/05\/TEAP-III-TERSP-Standard-Annual-Update-self-Report-FR.pdf\">Mise \u00e0 jour annuelle d\u2019un FSIUT \u00e0 l\u2019\u00e9gard de la norme TEAP III<\/a>.&nbsp;<\/strong><\/em><\/p>\n\n\n\n<p>Les rapports de chaque fournisseur de services figurent ci-dessous.<\/p>\n\n\n\n<div class=\"wp-block-columns is-layout-flex wp-container-core-columns-is-layout-9d6595d7 wp-block-columns-is-layout-flex\">\n<div class=\"wp-block-column is-layout-flow wp-block-column-is-layout-flow\">\n<h2 class=\"wp-block-heading\">Quebec<\/h2>\n\n\n\n<h3 class=\"wp-block-heading\"><a href=\"http:\/\/md-un.com\/\" target=\"_blank\" rel=\"noreferrer noopener\">GFL Environmental \u2013 Saint-J\u00e9r\u00f4me<\/a><\/h3>\n\n\n\n<ul class=\"wp-block-list\">\n<li><a href=\"https:\/\/teap.canadianchemistry.ca\/wp-content\/uploads\/sites\/3\/2026\/02\/GFL-QC-TEAP-III-TERSP-Standard-Assessment-2025-FINAL.pdf\">Rapport d\u2019\u00e9valuation (decembre 2025)<\/a><\/li>\n\n\n\n<li><a href=\"https:\/\/chimiecanadienne.ca\/wp-content\/uploads\/sites\/3\/2024\/12\/GFL-QC-TEAP-III-TERSP-Standard-Annual-Update-2024-Final.pdf\">Mise \u00e0 jour annuelle (september 2024)<\/a><\/li>\n<\/ul>\n\n\n\n<p><\/p>\n\n\n\n<h2 class=\"wp-block-heading\">Saskatchewan<\/h2>\n\n\n\n<h3 class=\"wp-block-heading\"><a href=\"http:\/\/gflenv.com\/liquid-hazardous-and-special-waste\/emergency-spill-response\/\" target=\"_blank\" rel=\"noreferrer noopener\">GFL Environmental \u2013 Saskatoon<\/a><\/h3>\n\n\n\n<ul class=\"wp-block-list\">\n<li><a href=\"http:\/\/teap3.ca\/wp-content\/uploads\/2022\/12\/GFL-SK-TEAP-III-TERSP-Standard-Assessment-request-GFL-approved-Draft-2022-09-26-FINAL.pdf\" target=\"_blank\" rel=\"noreferrer noopener\">Rapport d\u2019\u00e9valuation (septembre 2022)<\/a><\/li>\n\n\n\n<li><a href=\"https:\/\/teap.canadianchemistry.ca\/wp-content\/uploads\/sites\/3\/2024\/12\/GFL-SKTEAP-III-TERSP-Standard-Annual-Update-Request-FINAL.pdf\">Mise&nbsp;\u00e0 jour annuelle (<\/a><a href=\"http:\/\/teap3.ca\/wp-content\/uploads\/2021\/08\/GFL-SK-TEAP-III-Standard-Annual-Update-2021-Final-1.pdf\">mai 2025<\/a><a href=\"https:\/\/chimiecanadienne.ca\/wp-content\/uploads\/sites\/3\/2025\/07\/GFL-SK-TEAP-III-TERSP-Standard-Annual-Update-2025-DRAFT.pdf\">)<\/a><\/li>\n<\/ul>\n\n\n\n<p><\/p>\n\n\n\n<h2 class=\"wp-block-heading\">Alberta<\/h2>\n\n\n\n<h3 class=\"wp-block-heading\"><a href=\"http:\/\/www.ironhorse.ca\/response\/\" target=\"_blank\" rel=\"noreferrer noopener\">Specialized Response Solutions (Canada Inc.)<\/a><\/h3>\n\n\n\n<ul class=\"wp-block-list\">\n<li><a href=\"http:\/\/teap3.ca\/wp-content\/uploads\/2022\/11\/SRS-TEAP-III-TERSP-Standard-Assessment-2022-final.pdf\"><\/a><a href=\"https:\/\/chimiecanadienne.ca\/wp-content\/uploads\/sites\/3\/2025\/02\/SRS-TEAP-III-TERSP-Standard-Assessment-2024-10-18-FINAL.pdf\">Rapport d\u2019\u00e9valuation (octobre 2024)<\/a><\/li>\n\n\n\n<li><a href=\"https:\/\/teap3.ca\/wp-content\/uploads\/2023\/09\/SRS-AB-TEAP-III-TERSP-Standard-Annual-Update-Request-2023-FINAL.pdf\"><\/a><a href=\"https:\/\/chimiecanadienne.ca\/wp-content\/uploads\/sites\/3\/2025\/09\/SRS-AB-TEAP-III-TERSP-Standard-Annual-Update-Request-2025-FINAL-1.pdf\">Mise \u00e0 jour annuelle (septembre 2025)<\/a><\/li>\n<\/ul>\n\n\n\n<h3 class=\"wp-block-heading\"><a href=\"http:\/\/www.qmenv.com\/\" target=\"_blank\" rel=\"noreferrer noopener\">QM Environmental \u2013 Edmonton<\/a><\/h3>\n\n\n\n<ul class=\"wp-block-list\">\n<li><a href=\"http:\/\/teap3.ca\/wp-content\/uploads\/2023\/05\/QM-AB-TEAP-III-TERSP-Standard-Assessment-2022-Final-Revised.pdf\"><\/a><a href=\"https:\/\/teap.canadianchemistry.ca\/wp-content\/uploads\/sites\/3\/2025\/02\/QM-AB-TEAP-III-TERSP-Standard-Assessment-2024-FINAL.pdf\">Rapport d\u2019\u00e9valuation (octobre 2024)<\/a><\/li>\n\n\n\n<li><a href=\"https:\/\/teap3.ca\/wp-content\/uploads\/2023\/11\/QM-AB-TEAP-III-TERSP-Standard-Annual-Update-2023-FINAL.pdf\"><\/a><a href=\"https:\/\/teap.canadianchemistry.ca\/wp-content\/uploads\/sites\/3\/2025\/09\/QM-AB-TEAP-III-TERSP-Standard-Annual-Update-2025-FINAL.pdf\">Mise \u00e0 jour annuelle (septembre 2025)<\/a><\/li>\n<\/ul>\n\n\n\n<h3 class=\"wp-block-heading\"><a href=\"https:\/\/rapidresponseind.com\/\" target=\"_blank\" rel=\"noreferrer noopener\">Rapid Response Industrial Group Ltd. \u2013 Edmonton<\/a><\/h3>\n\n\n\n<ul class=\"wp-block-list\">\n<li><a href=\"http:\/\/teap3.ca\/wp-content\/uploads\/2022\/11\/Rapid-Response-TEAP-III-TERSP-Standard-Assessment-Request-2022-final.pdf\"><\/a><a href=\"https:\/\/chimiecanadienne.ca\/wp-content\/uploads\/sites\/3\/2024\/11\/Rapid-Response-AB-TEAP-III-TERSP-Standard-Assessment-2024-FINAL.pdf\">Rapport d\u2019\u00e9valuation (juillet 2024<\/a><a href=\"https:\/\/teap3.ca\/wp-content\/uploads\/2022\/11\/Rapid-Response-TEAP-III-TERSP-Standard-Assessment-Request-2022-final.pdf\">)<\/a><\/li>\n\n\n\n<li><a href=\"https:\/\/teap3.ca\/wp-content\/uploads\/2023\/11\/Rapid-Response-AB-TEAP-III-TERSP-Standard-Annual-Update-2023-Final.pdf\"><\/a><a href=\"https:\/\/teap.canadianchemistry.ca\/wp-content\/uploads\/sites\/3\/2025\/08\/Rapid-Response-AB-TEAP-III-TERSP-Standard-Annual-Update-Request-2025-Final.pdf\">Mise \u00e0 jour annuelle (juillet 2025)<\/a><\/li>\n<\/ul>\n\n\n\n<h3 class=\"wp-block-heading\"><a href=\"http:\/\/gflenv.com\/\">GFL Environmental \u2013 Edmonton<\/a><\/h3>\n\n\n\n<ul class=\"wp-block-list\">\n<li><a href=\"http:\/\/teap3.ca\/wp-content\/uploads\/2022\/12\/GFL-AB-TEAP-III-TERSP-Standard-Assessment-GFL-approved-Draft-2022-10-03-FINAL.pdf\"><\/a><a href=\"https:\/\/chimiecanadienne.ca\/wp-content\/uploads\/sites\/3\/2025\/02\/GFL-AB-TEAP-III-TERSP-Standard-Assessment-FINAL.pdf\">Rapport d\u2019\u00e9valuation (septembre 2024)<\/a><\/li>\n\n\n\n<li><a href=\"https:\/\/teap3.ca\/wp-content\/uploads\/2023\/11\/GFL-AB-TEAP-III-TERSP-Standard-Annual-Update-Request-2023-FINAL.pdf\"><\/a><a href=\"https:\/\/chimiecanadienne.ca\/wp-content\/uploads\/sites\/3\/2025\/09\/GFL-AB-TEAP-III-TERSP-Standard-Annual-Update-2025-FINAL.pdf\">Mise \u00e0 jour annuelle (aout 2025)<\/a><\/li>\n<\/ul>\n\n\n\n<p><\/p>\n\n\n\n<h2 class=\"wp-block-heading\">British Columbia<\/h2>\n\n\n\n<h3 class=\"wp-block-heading\"><a href=\"https:\/\/nucorenv.ca\/\" target=\"_blank\" rel=\"noreferrer noopener\">Nucor Environmental Solutions \u2013 Surrey<\/a><\/h3>\n\n\n\n<ul class=\"wp-block-list\">\n<li><a href=\"http:\/\/teap3.ca\/wp-content\/uploads\/2022\/12\/TEAP-III-TERSP-Standard-Assessment-NUCOR-2022-Final.pdf\"><\/a><a href=\"https:\/\/teap.canadianchemistry.ca\/wp-content\/uploads\/sites\/3\/2025\/02\/Nucor-TEAP-III-TERSP-Standard-Assessment-2024-FINAL.pdf\">Rapport d\u2019\u00e9valuation (december 2024)<\/a><\/li>\n\n\n\n<li><a href=\"https:\/\/teap3.ca\/wp-content\/uploads\/2023\/12\/Nucor-BC-TEAP-III-TERSP-Standard-Annual-Update-Request-2023-FINAL.pdf\"><\/a><a href=\"https:\/\/teap.canadianchemistry.ca\/wp-content\/uploads\/sites\/3\/2025\/12\/Nucor-BC-TEAP-III-TERSP-Standard-Annual-Update-2025-FINAL.pdf\">Mise \u00e0 jour annuelle (decembre 2025)<\/a><\/li>\n<\/ul>\n\n\n\n<h3 class=\"wp-block-heading\"><a href=\"https:\/\/www.qmenv.com\/\">QM Environmental- Delta<\/a><\/h3>\n\n\n\n<ul class=\"wp-block-list\">\n<li><a href=\"https:\/\/teap3.ca\/wp-content\/uploads\/2023\/12\/QM-BC-TEAP-III-TERSP-Standard-Assessment-Submission-2023-FINAL.pdf\"><\/a><a href=\"https:\/\/teap3.ca\/wp-content\/uploads\/2023\/11\/QM-ON-TEAP-III-TERSP-Standard-Assessment-Submission-2023-Final.pdf\">R<\/a><a href=\"https:\/\/teap.canadianchemistry.ca\/wp-content\/uploads\/sites\/3\/2024\/12\/QM-BC-TEAP-III-TERSP-Standard-Assessment-Submission-2023-FINAL.pdf\">apport d\u2019\u00e9valuation (septembre 2023)<\/a><\/li>\n\n\n\n<li><a href=\"https:\/\/teap.canadianchemistry.ca\/wp-content\/uploads\/sites\/3\/2024\/12\/QM-BC-TEAP-III-TERSP-Standard-Assessment-Submission-2023-FINAL.pdf\">Mise \u00e0 jour annuelle (septembre 2024)<\/a><\/li>\n<\/ul>\n<\/div>\n\n\n\n<div class=\"wp-block-column is-layout-flow wp-block-column-is-layout-flow\">\n<h2 class=\"wp-block-heading\">New Brunswick<\/h2>\n\n\n\n<h3 class=\"wp-block-heading\"><a href=\"http:\/\/www.rsttransport.com\/\" target=\"_blank\" rel=\"noreferrer noopener\">RST Industries \u2013 Saint John<\/a><\/h3>\n\n\n\n<ul class=\"wp-block-list\">\n<li><a href=\"https:\/\/teap.canadianchemistry.ca\/wp-content\/uploads\/sites\/3\/2025\/02\/RST-NB-Standard-Assessment-2024-Submission-FINAL-1.pdf\">Rapport d\u2019\u00e9valuation (novembre 2024)<\/a><\/li>\n\n\n\n<li><a href=\"https:\/\/chimiecanadienne.ca\/wp-content\/uploads\/sites\/3\/2025\/12\/RST-NB-TEAP-III-TERSP-Standard-Annual-Update-2025-FINAL-1.pdf\">Mise \u00e0 jour annuelle (octobre 2025)<\/a><\/li>\n<\/ul>\n\n\n\n<p><\/p>\n\n\n\n<h2 class=\"wp-block-heading\">Manitoba<\/h2>\n\n\n\n<h3 class=\"wp-block-heading\"><a href=\"https:\/\/gflenv.com\/winnipeg-2\/\">GFL Environmental \u2013 Winnipeg<\/a><\/h3>\n\n\n\n<ul class=\"wp-block-list\">\n<li><a href=\"https:\/\/teap3.ca\/wp-content\/uploads\/2024\/05\/GFL-MB-TEAP-III-TERSP-Standard-Assessment-request-2024-FINAL.pdf\">Rapport d\u2019\u00e9valuation (avril 2024)<\/a><\/li>\n\n\n\n<li><a href=\"https:\/\/teap.canadianchemistry.ca\/wp-content\/uploads\/sites\/3\/2025\/07\/GFL-MB-TEAP-III-TERSP-Standard-Annual-Update-2025-DRAFT.pdf\">Misa&nbsp;\u00e0 jour annuelle (mai 2025)<\/a><\/li>\n<\/ul>\n\n\n\n<p><\/p>\n\n\n\n<h2 class=\"wp-block-heading\">Ontario<\/h2>\n\n\n\n<h3 class=\"wp-block-heading\"><a href=\"http:\/\/accuworx.ca\/\">Accuworx Inc. \u2013 Mississauga<\/a><\/h3>\n\n\n\n<ul class=\"wp-block-list\">\n<li><a href=\"https:\/\/teap.canadianchemistry.ca\/wp-content\/uploads\/sites\/3\/2025\/02\/2024-GFL-Accuworx-TEAP-III-TERSP-Standard-Assessment-FINAL.pdf\">Rapport d\u2019\u00e9valuation (novembre 2024)<\/a><\/li>\n\n\n\n<li><a href=\"https:\/\/teap.canadianchemistry.ca\/wp-content\/uploads\/sites\/3\/2025\/12\/GFL-Accuworx-TEAP-III-TERSP-Standard-Annual-Update-Request-2025-FINAL.pdf\">Mise&nbsp;\u00e0 jour annuelle (novembre 2025)<\/a><\/li>\n<\/ul>\n\n\n\n<h3 class=\"wp-block-heading\"><a href=\"https:\/\/www.drainall.com\/\" target=\"_blank\" rel=\"noreferrer noopener\">GFL Environmental \u2013 Ottawa<\/a><\/h3>\n\n\n\n<ul class=\"wp-block-list\">\n<li><a href=\"https:\/\/teap.canadianchemistry.ca\/wp-content\/uploads\/sites\/3\/2025\/01\/GFL-Ottawa-ON-TEAP-III-TERSP-Standard-Assessment-2024-Final.pdf\">Rapport d\u2019\u00e9valuation (novembre 2024)<\/a><\/li>\n\n\n\n<li><a href=\"https:\/\/teap.canadianchemistry.ca\/wp-content\/uploads\/sites\/3\/2025\/12\/GFL-Ottawa-TEAP-III-TERSP-Standard-Annual-Update-2025-FINAL.pdf\">Mise \u00e0 jour annuelle (novembre 2025)<\/a><\/li>\n<\/ul>\n\n\n\n<h3 class=\"wp-block-heading\"><a href=\"http:\/\/gflenv.com\/liquid-hazardous-and-special-waste\/emergency-spill-response\/\">GFL Enviro<\/a><a href=\"http:\/\/gflenv.com\/liquid-hazardous-and-special-waste\/emergency-spill-response\/\" target=\"_blank\" rel=\"noreferrer noopener\">nmental \u2013 Thunder Bay<\/a><\/h3>\n\n\n\n<ul class=\"wp-block-list\">\n<li><a href=\"https:\/\/teap.canadianchemistry.ca\/wp-content\/uploads\/sites\/3\/2025\/12\/GFL-TB-TEAP-III-TERSP-Standard-Assessment-2025-FINAL.pdf\">Rapport d\u2019\u00e9valuation (novembre 2025)<\/a><\/li>\n\n\n\n<li><a href=\"https:\/\/teap.canadianchemistry.ca\/wp-content\/uploads\/sites\/3\/2025\/02\/GFL-TB-TEAP-III-TERSP-Standard-Annual-Update-Request-2024-FINAL.pdf\" target=\"_blank\" rel=\"noreferrer noopener\">Mise \u00e0 jour annuelle (decembre 2024)<\/a><\/li>\n<\/ul>\n\n\n\n<h3 class=\"wp-block-heading\"><a href=\"https:\/\/spartanresponse.com\/\">Spartan Response \u2013 Hamilton<\/a><\/h3>\n\n\n\n<ul class=\"wp-block-list\">\n<li><a href=\"http:\/\/teap3.ca\/wp-content\/uploads\/2019\/10\/Final-Report-Spartan-ON-Standard-Assessment-2019-09-27.pdf\">Rapport d\u2019\u00e9valuation<\/a><a href=\"https:\/\/teap.canadianchemistry.ca\/wp-content\/uploads\/sites\/3\/2025\/02\/Spartan-Response-ON-TEAP-III-TERSP-Standard-Assessment-2024-FINAL.pdf\" target=\"_blank\" rel=\"noreferrer noopener\">&nbsp;(octobre 2024)<\/a><\/li>\n\n\n\n<li><a href=\"https:\/\/teap.canadianchemistry.ca\/wp-content\/uploads\/sites\/3\/2026\/03\/Spartan-Response-ON-TEAP-III-TERSP-Standard-Annual-Update-FINAL.pdf\">Mise\u00a0\u00e0\u00a0jour annuelle (novembre 2025)<\/a><\/li>\n<\/ul>\n\n\n\n<h3 class=\"wp-block-heading\"><a href=\"http:\/\/www.terrapureenv.com\/\" target=\"_blank\" rel=\"noreferrer noopener\">GFL Environmental\u2013 Hamilton<\/a><\/h3>\n\n\n\n<ul class=\"wp-block-list\">\n<li><a href=\"https:\/\/teap.canadianchemistry.ca\/wp-content\/uploads\/sites\/3\/2025\/02\/GFL-Hamilton-ON-TEAP-III-TERSP-Standard-Assessment-Request-2024-FINAL.pdf\">Rapport d\u2019\u00e9valuation (octobre 2024)<\/a><\/li>\n\n\n\n<li><a href=\"https:\/\/teap.canadianchemistry.ca\/wp-content\/uploads\/sites\/3\/2025\/10\/GFL-Hamilton-TEAP-III-TERSP-Standard-Annual-Update-2025-FINAL.pdf\">Mise \u00e0 jour annuelle (septembre 2025)<\/a><\/li>\n<\/ul>\n\n\n\n<h3 class=\"wp-block-heading\"><a href=\"http:\/\/www.qmenv.com\/\" target=\"_blank\" rel=\"noreferrer noopener\">QM Environmental \u2013 Stoney Creek&nbsp;<\/a><\/h3>\n\n\n\n<ul class=\"wp-block-list\">\n<li><a href=\"https:\/\/teap.canadianchemistry.ca\/wp-content\/uploads\/sites\/3\/2024\/12\/QM-ON-TEAP-III-TERSP-Standard-Assessment-Submission-2023-Final.pdf\">Rapport d\u2019\u00e9valuation (juillet 2023)<\/a><\/li>\n\n\n\n<li><a href=\"http:\/\/teap3.ca\/wp-content\/uploads\/2023\/03\/QM-ON-TEAP-III-Annual-update-2022-Final.pdf\">Mise \u00e0 jour annuelle (decembre 2022)<\/a><\/li>\n<\/ul>\n\n\n\n<h3 class=\"wp-block-heading\"><a href=\"https:\/\/gflenv.com\/our-services\/for-business\/commercial-liquid-special-waste\/er-site-remediation\/emergency-response\/\">GFL Environmental -Sudbury<\/a><\/h3>\n\n\n\n<ul class=\"wp-block-list\">\n<li><a href=\"https:\/\/teap.canadianchemistry.ca\/wp-content\/uploads\/sites\/3\/2025\/12\/GFL-Sudbury-TEAP-III-TERSP-Standard-Assessment-Request-2025-FINAL.pdf\">Rapport d\u2019\u00e9valuation (novembre 2025)<\/a><\/li>\n\n\n\n<li><a href=\"https:\/\/teap.canadianchemistry.ca\/wp-content\/uploads\/sites\/3\/2024\/12\/GFL-Sudbury-TEAP-III-TERSP-Standard-Annual-Update-2024-FINAL.pdf\">Mise \u00e0 jour annuelle (septembre 202<\/a><a href=\"https:\/\/teap.canadianchemistry.ca\/wp-content\/uploads\/sites\/3\/2024\/12\/GFL-Sudbury-TEAP-III-TERSP-Standard-Annual-Upd\">4)<\/a><\/li>\n<\/ul>\n\n\n\n<h3 class=\"wp-block-heading\"><a href=\"https:\/\/gflenv.com\/\">GFL Environmental- Corunna<\/a><\/h3>\n\n\n\n<ul class=\"wp-block-list\">\n<li><a href=\"https:\/\/teap.canadianchemistry.ca\/wp-content\/uploads\/sites\/3\/2026\/02\/GFL-Corunna-TEAP-III-TERSP-Standard-Assessment-2025-FINAL.pdf\">Rapport d&rsquo;\u00e9valuation (d\u00e9cembre 2025)<\/a><\/li>\n<\/ul>\n\n\n\n<h3 class=\"wp-block-heading\"><a href=\"https:\/\/www.republicservices.com\/facilities\/ontario\/tilbury?utm_medium=reputation&amp;utm_source=eslistings\">Republic Services &#8211; Tilbury<\/a><\/h3>\n\n\n\n<ul class=\"wp-block-list\">\n<li><a href=\"https:\/\/teap.canadianchemistry.ca\/wp-content\/uploads\/sites\/3\/2026\/02\/Republic-Services-ONTEAP-III-TERSP-Standard-Assessment-2025-FINAL.pdf\">Rapport d&rsquo;\u00e9valuation (d\u00e9cembre 2025)<\/a><\/li>\n<\/ul>\n<\/div>\n<\/div>\n\n\n\n<p><\/p>\n","protected":false},"excerpt":{"rendered":"<p>Voici une liste des fournisseurs de services d\u2019intervention d\u2019urgence en transport (FSIUT) TEAP III, par province. Tous les deux ans, chaque fournisseur est sujet \u00e0 une \u00e9valuation.&nbsp; Pendant l\u2019ann\u00e9e sans v\u00e9rification, les fournisseurs de services doivent pr\u00e9parer un rapport d\u2019auto\u00e9valuation \u2013 la&nbsp;Mise \u00e0 jour annuelle d\u2019un FSIUT \u00e0 l\u2019\u00e9gard de la norme TEAP III.&nbsp; Les [&hellip;]<\/p>\n","protected":false},"author":4,"featured_media":0,"parent":0,"menu_order":0,"comment_status":"closed","ping_status":"closed","template":"","meta":{"_acf_changed":false,"footnotes":""},"class_list":["post-417","page","type-page","status-publish","hentry"],"acf":[],"yoast_head":"<!-- This site is optimized with the Yoast SEO plugin v27.3 - https:\/\/yoast.com\/product\/yoast-seo-wordpress\/ -->\n<title>Fournisseurs de services - TEAP III<\/title>\n<meta name=\"robots\" content=\"index, follow, max-snippet:-1, max-image-preview:large, max-video-preview:-1\" \/>\n<link rel=\"canonical\" href=\"https:\/\/teap.canadianchemistry.ca\/fr\/service-providers\/\" \/>\n<meta property=\"og:locale\" content=\"fr_FR\" \/>\n<meta property=\"og:type\" content=\"article\" \/>\n<meta property=\"og:title\" content=\"Fournisseurs de services - TEAP III\" \/>\n<meta property=\"og:description\" content=\"Voici une liste des fournisseurs de services d\u2019intervention d\u2019urgence en transport (FSIUT) TEAP III, par province. Tous les deux ans, chaque fournisseur est sujet \u00e0 une \u00e9valuation.&nbsp; Pendant l\u2019ann\u00e9e sans v\u00e9rification, les fournisseurs de services doivent pr\u00e9parer un rapport d\u2019auto\u00e9valuation \u2013 la&nbsp;Mise \u00e0 jour annuelle d\u2019un FSIUT \u00e0 l\u2019\u00e9gard de la norme TEAP III.&nbsp; Les [&hellip;]\" \/>\n<meta property=\"og:url\" content=\"https:\/\/teap.canadianchemistry.ca\/fr\/service-providers\/\" \/>\n<meta property=\"og:site_name\" content=\"TEAP III\" \/>\n<meta property=\"article:modified_time\" content=\"2026-03-17T17:45:59+00:00\" \/>\n<meta name=\"twitter:card\" content=\"summary_large_image\" \/>\n<meta name=\"twitter:label1\" content=\"Dur\u00e9e de lecture estim\u00e9e\" \/>\n\t<meta name=\"twitter:data1\" content=\"2 minutes\" \/>\n<script type=\"application\/ld+json\" class=\"yoast-schema-graph\">{\"@context\":\"https:\\\/\\\/schema.org\",\"@graph\":[{\"@type\":\"WebPage\",\"@id\":\"https:\\\/\\\/teap.canadianchemistry.ca\\\/fr\\\/service-providers\\\/\",\"url\":\"https:\\\/\\\/teap.canadianchemistry.ca\\\/fr\\\/service-providers\\\/\",\"name\":\"Fournisseurs de services - TEAP III\",\"isPartOf\":{\"@id\":\"https:\\\/\\\/teap.canadianchemistry.ca\\\/#website\"},\"datePublished\":\"2023-11-23T16:00:41+00:00\",\"dateModified\":\"2026-03-17T17:45:59+00:00\",\"breadcrumb\":{\"@id\":\"https:\\\/\\\/teap.canadianchemistry.ca\\\/fr\\\/service-providers\\\/#breadcrumb\"},\"inLanguage\":\"fr-FR\",\"potentialAction\":[{\"@type\":\"ReadAction\",\"target\":[\"https:\\\/\\\/teap.canadianchemistry.ca\\\/fr\\\/service-providers\\\/\"]}]},{\"@type\":\"BreadcrumbList\",\"@id\":\"https:\\\/\\\/teap.canadianchemistry.ca\\\/fr\\\/service-providers\\\/#breadcrumb\",\"itemListElement\":[{\"@type\":\"ListItem\",\"position\":1,\"name\":\"Home\",\"item\":\"https:\\\/\\\/teap.canadianchemistry.ca\\\/fr\\\/\"},{\"@type\":\"ListItem\",\"position\":2,\"name\":\"Fournisseurs de services\"}]},{\"@type\":\"WebSite\",\"@id\":\"https:\\\/\\\/teap.canadianchemistry.ca\\\/#website\",\"url\":\"https:\\\/\\\/teap.canadianchemistry.ca\\\/\",\"name\":\"TEAP III\",\"description\":\"\",\"potentialAction\":[{\"@type\":\"SearchAction\",\"target\":{\"@type\":\"EntryPoint\",\"urlTemplate\":\"https:\\\/\\\/teap.canadianchemistry.ca\\\/?s={search_term_string}\"},\"query-input\":{\"@type\":\"PropertyValueSpecification\",\"valueRequired\":true,\"valueName\":\"search_term_string\"}}],\"inLanguage\":\"fr-FR\"}]}<\/script>\n<!-- \/ Yoast SEO plugin. -->","yoast_head_json":{"title":"Fournisseurs de services - TEAP III","robots":{"index":"index","follow":"follow","max-snippet":"max-snippet:-1","max-image-preview":"max-image-preview:large","max-video-preview":"max-video-preview:-1"},"canonical":"https:\/\/teap.canadianchemistry.ca\/fr\/service-providers\/","og_locale":"fr_FR","og_type":"article","og_title":"Fournisseurs de services - TEAP III","og_description":"Voici une liste des fournisseurs de services d\u2019intervention d\u2019urgence en transport (FSIUT) TEAP III, par province. Tous les deux ans, chaque fournisseur est sujet \u00e0 une \u00e9valuation.&nbsp; Pendant l\u2019ann\u00e9e sans v\u00e9rification, les fournisseurs de services doivent pr\u00e9parer un rapport d\u2019auto\u00e9valuation \u2013 la&nbsp;Mise \u00e0 jour annuelle d\u2019un FSIUT \u00e0 l\u2019\u00e9gard de la norme TEAP III.&nbsp; Les [&hellip;]","og_url":"https:\/\/teap.canadianchemistry.ca\/fr\/service-providers\/","og_site_name":"TEAP III","article_modified_time":"2026-03-17T17:45:59+00:00","twitter_card":"summary_large_image","twitter_misc":{"Dur\u00e9e de lecture estim\u00e9e":"2 minutes"},"schema":{"@context":"https:\/\/schema.org","@graph":[{"@type":"WebPage","@id":"https:\/\/teap.canadianchemistry.ca\/fr\/service-providers\/","url":"https:\/\/teap.canadianchemistry.ca\/fr\/service-providers\/","name":"Fournisseurs de services - TEAP III","isPartOf":{"@id":"https:\/\/teap.canadianchemistry.ca\/#website"},"datePublished":"2023-11-23T16:00:41+00:00","dateModified":"2026-03-17T17:45:59+00:00","breadcrumb":{"@id":"https:\/\/teap.canadianchemistry.ca\/fr\/service-providers\/#breadcrumb"},"inLanguage":"fr-FR","potentialAction":[{"@type":"ReadAction","target":["https:\/\/teap.canadianchemistry.ca\/fr\/service-providers\/"]}]},{"@type":"BreadcrumbList","@id":"https:\/\/teap.canadianchemistry.ca\/fr\/service-providers\/#breadcrumb","itemListElement":[{"@type":"ListItem","position":1,"name":"Home","item":"https:\/\/teap.canadianchemistry.ca\/fr\/"},{"@type":"ListItem","position":2,"name":"Fournisseurs de services"}]},{"@type":"WebSite","@id":"https:\/\/teap.canadianchemistry.ca\/#website","url":"https:\/\/teap.canadianchemistry.ca\/","name":"TEAP III","description":"","potentialAction":[{"@type":"SearchAction","target":{"@type":"EntryPoint","urlTemplate":"https:\/\/teap.canadianchemistry.ca\/?s={search_term_string}"},"query-input":{"@type":"PropertyValueSpecification","valueRequired":true,"valueName":"search_term_string"}}],"inLanguage":"fr-FR"}]}},"_links":{"self":[{"href":"https:\/\/teap.canadianchemistry.ca\/fr\/wp-json\/wp\/v2\/pages\/417","targetHints":{"allow":["GET"]}}],"collection":[{"href":"https:\/\/teap.canadianchemistry.ca\/fr\/wp-json\/wp\/v2\/pages"}],"about":[{"href":"https:\/\/teap.canadianchemistry.ca\/fr\/wp-json\/wp\/v2\/types\/page"}],"author":[{"embeddable":true,"href":"https:\/\/teap.canadianchemistry.ca\/fr\/wp-json\/wp\/v2\/users\/4"}],"replies":[{"embeddable":true,"href":"https:\/\/teap.canadianchemistry.ca\/fr\/wp-json\/wp\/v2\/comments?post=417"}],"version-history":[{"count":56,"href":"https:\/\/teap.canadianchemistry.ca\/fr\/wp-json\/wp\/v2\/pages\/417\/revisions"}],"predecessor-version":[{"id":781,"href":"https:\/\/teap.canadianchemistry.ca\/fr\/wp-json\/wp\/v2\/pages\/417\/revisions\/781"}],"wp:attachment":[{"href":"https:\/\/teap.canadianchemistry.ca\/fr\/wp-json\/wp\/v2\/media?parent=417"}],"curies":[{"name":"wp","href":"https:\/\/api.w.org\/{rel}","templated":true}]}}