{"id":419,"date":"2023-11-23T16:00:30","date_gmt":"2023-11-23T16:00:30","guid":{"rendered":"https:\/\/teap.canadianchemistry.ca\/training\/"},"modified":"2024-07-17T20:38:50","modified_gmt":"2024-07-17T20:38:50","slug":"training","status":"publish","type":"page","link":"https:\/\/teap.canadianchemistry.ca\/fr\/training\/","title":{"rendered":"Formation"},"content":{"rendered":"\n<figure class=\"wp-block-image size-large\"><img loading=\"lazy\" decoding=\"async\" width=\"1024\" height=\"295\" src=\"https:\/\/teap.canadianchemistry.ca\/wp-content\/uploads\/sites\/3\/2024\/03\/Screenshot-2024-03-13-152149-1024x295.png\" alt=\"\" class=\"wp-image-397\" srcset=\"https:\/\/chimiecanadienne.ca\/wp-content\/uploads\/sites\/3\/2024\/03\/Screenshot-2024-03-13-152149-1024x295.png 1024w, https:\/\/chimiecanadienne.ca\/wp-content\/uploads\/sites\/3\/2024\/03\/Screenshot-2024-03-13-152149-300x86.png 300w, https:\/\/chimiecanadienne.ca\/wp-content\/uploads\/sites\/3\/2024\/03\/Screenshot-2024-03-13-152149-768x221.png 768w, https:\/\/chimiecanadienne.ca\/wp-content\/uploads\/sites\/3\/2024\/03\/Screenshot-2024-03-13-152149.png 1531w\" sizes=\"auto, (max-width: 1024px) 100vw, 1024px\" \/><\/figure>\n\n\n\n<p><\/p>\n\n\n\n<p>Le programme de formation des fournisseurs de services TEAP\u00a0III porte sur l\u2019historique du programme, les principales composantes de la\u00a0<a href=\"http:\/\/teap3.ca\/wp-content\/uploads\/2018\/05\/TEAP-III-Transportation-Emergency-Response-Service-Provider-Standard.pdf\"><strong><em>Norme\u00a0TEAP\u00a0III pour les fournisseurs de services d\u2019intervention d\u2019urgence en transport<\/em><\/strong><\/a><em>,\u00a0<\/em>et donne un aper\u00e7u d\u2019un certain nombre d\u2019autres documents \u00e0 l\u2019appui.\u00a0La formation est obligatoire pour toute personne qui participe au processus d\u2019\u00e9valuation. \u00a0<\/p>\n\n\n\n<h2 class=\"wp-block-heading\"><strong>Formation en ligne sur la Norme\u00a0TEAP\u00a0III<\/strong><\/h2>\n\n\n\n<p>Depuis f\u00e9vrier\u00a02020, le programme de formation des fournisseurs de services sur la Norme\u00a0TEAP\u00a0III est offert en ligne exclusivement par l\u2019entremise de\u00a0<a href=\"https:\/\/app.workhub.com\/anonymous\/login\"><strong><em>WorkHub<\/em><\/strong><\/a>.\u00a0La formation en ligne comprend sept\u00a0modules interactifs, y compris un questionnaire apr\u00e8s chaque module. Les participants re\u00e7oivent un certificat de r\u00e9ussite une fois qu\u2019ils auront termin\u00e9 la formation en ligne des fournisseurs de services sur la Norme\u00a0TEAP\u00a0III.<\/p>\n\n\n\n<h2 class=\"wp-block-heading\"><strong>Qui devrait y assister<\/strong><\/h2>\n\n\n\n<p>Toute personne qui participe \u00e0 une \u00e9valuation ou agit comme observateur au cours d\u2019une \u00e9valuation ainsi que tous les membres du Comit\u00e9&nbsp;TEAP&nbsp;III qui doivent suivre la formation sur la Norme&nbsp;TEAP&nbsp;III.<\/p>\n\n\n\n<p>Les dirigeants des entreprises de services, leurs rempla\u00e7ants, les dirigeants des \u00e9quipes d\u2019\u00e9valuation et les \u00e9valuateurs doivent suivre la formation tous les deux&nbsp;ans.<\/p>\n\n\n\n<p>Les membres du Comit\u00e9 sur la Norme&nbsp;TEAP&nbsp;III et le personnel des fournisseurs de services d\u2019intervention d\u2019urgence en transport qui agissent comme observateurs ou qui participent \u00e0 l\u2019\u00e9valuation et \u00e0 la mise \u00e0 jour annuelle doivent suivre la formation au moins une fois.<\/p>\n\n\n\n<p>Les membres du Comit\u00e9 sur la Norme&nbsp;TEAP&nbsp;III et le personnel des fournisseurs de services d\u2019intervention d\u2019urgence en transport qui agissent comme observateurs ou qui participent \u00e0 l\u2019\u00e9valuation et \u00e0 la mise \u00e0 jour annuelle doivent suivre la formation au moins une fois.<\/p>\n\n\n\n<h2 class=\"wp-block-heading\"><strong>Acc\u00e8s au cours<\/strong><\/h2>\n\n\n\n<p>La formation en ligne pour les fournisseurs de services sur la Norme\u00a0TEAP\u00a0III est offerte gratuitement.\u00a0 Toutefois, pour y avoir acc\u00e8s, veuillez communiquer avec\u00a0<a href=\"mailto:kadler@canadianchemistry.ca\">Kristina\u00a0Adler<\/a>,\u00a0agente des politiques et des programmes de transport, qui vous fournira les d\u00e9tails n\u00e9cessaires sur l\u2019acc\u00e8s ainsi que les \u00e9ch\u00e9anciers pour suivre la formation.\u00a0\u00a0\u00a0\u00a0<\/p>\n","protected":false},"excerpt":{"rendered":"<p>Le programme de formation des fournisseurs de services TEAP\u00a0III porte sur l\u2019historique du programme, les principales composantes de la\u00a0Norme\u00a0TEAP\u00a0III pour les fournisseurs de services d\u2019intervention d\u2019urgence en transport,\u00a0et donne un aper\u00e7u d\u2019un certain nombre d\u2019autres documents \u00e0 l\u2019appui.\u00a0La formation est obligatoire pour toute personne qui participe au processus d\u2019\u00e9valuation. \u00a0 Formation en ligne sur la [&hellip;]<\/p>\n","protected":false},"author":4,"featured_media":0,"parent":0,"menu_order":0,"comment_status":"closed","ping_status":"closed","template":"","meta":{"_acf_changed":false,"footnotes":""},"class_list":["post-419","page","type-page","status-publish","hentry"],"acf":[],"yoast_head":"<!-- This site is optimized with the Yoast SEO plugin v27.3 - https:\/\/yoast.com\/product\/yoast-seo-wordpress\/ -->\n<title>Formation - TEAP III<\/title>\n<meta name=\"robots\" content=\"index, follow, max-snippet:-1, max-image-preview:large, max-video-preview:-1\" \/>\n<link rel=\"canonical\" href=\"https:\/\/teap.canadianchemistry.ca\/fr\/training\/\" \/>\n<meta property=\"og:locale\" content=\"fr_FR\" \/>\n<meta property=\"og:type\" content=\"article\" \/>\n<meta property=\"og:title\" content=\"Formation - TEAP III\" \/>\n<meta property=\"og:description\" content=\"Le programme de formation des fournisseurs de services TEAP\u00a0III porte sur l\u2019historique du programme, les principales composantes de la\u00a0Norme\u00a0TEAP\u00a0III pour les fournisseurs de services d\u2019intervention d\u2019urgence en transport,\u00a0et donne un aper\u00e7u d\u2019un certain nombre d\u2019autres documents \u00e0 l\u2019appui.\u00a0La formation est obligatoire pour toute personne qui participe au processus d\u2019\u00e9valuation. \u00a0 Formation en ligne sur la [&hellip;]\" \/>\n<meta property=\"og:url\" content=\"https:\/\/teap.canadianchemistry.ca\/fr\/training\/\" \/>\n<meta property=\"og:site_name\" content=\"TEAP III\" \/>\n<meta property=\"article:modified_time\" content=\"2024-07-17T20:38:50+00:00\" \/>\n<meta property=\"og:image\" content=\"https:\/\/teap.canadianchemistry.ca\/wp-content\/uploads\/sites\/3\/2024\/03\/Screenshot-2024-03-13-152149-1024x295.png\" \/>\n<meta name=\"twitter:card\" content=\"summary_large_image\" \/>\n<meta name=\"twitter:label1\" content=\"Dur\u00e9e de lecture estim\u00e9e\" \/>\n\t<meta name=\"twitter:data1\" content=\"2 minutes\" \/>\n<script type=\"application\/ld+json\" class=\"yoast-schema-graph\">{\"@context\":\"https:\\\/\\\/schema.org\",\"@graph\":[{\"@type\":\"WebPage\",\"@id\":\"https:\\\/\\\/teap.canadianchemistry.ca\\\/fr\\\/training\\\/\",\"url\":\"https:\\\/\\\/teap.canadianchemistry.ca\\\/fr\\\/training\\\/\",\"name\":\"Formation - TEAP III\",\"isPartOf\":{\"@id\":\"https:\\\/\\\/teap.canadianchemistry.ca\\\/#website\"},\"primaryImageOfPage\":{\"@id\":\"https:\\\/\\\/teap.canadianchemistry.ca\\\/fr\\\/training\\\/#primaryimage\"},\"image\":{\"@id\":\"https:\\\/\\\/teap.canadianchemistry.ca\\\/fr\\\/training\\\/#primaryimage\"},\"thumbnailUrl\":\"https:\\\/\\\/teap.canadianchemistry.ca\\\/wp-content\\\/uploads\\\/sites\\\/3\\\/2024\\\/03\\\/Screenshot-2024-03-13-152149-1024x295.png\",\"datePublished\":\"2023-11-23T16:00:30+00:00\",\"dateModified\":\"2024-07-17T20:38:50+00:00\",\"breadcrumb\":{\"@id\":\"https:\\\/\\\/teap.canadianchemistry.ca\\\/fr\\\/training\\\/#breadcrumb\"},\"inLanguage\":\"fr-FR\",\"potentialAction\":[{\"@type\":\"ReadAction\",\"target\":[\"https:\\\/\\\/teap.canadianchemistry.ca\\\/fr\\\/training\\\/\"]}]},{\"@type\":\"ImageObject\",\"inLanguage\":\"fr-FR\",\"@id\":\"https:\\\/\\\/teap.canadianchemistry.ca\\\/fr\\\/training\\\/#primaryimage\",\"url\":\"https:\\\/\\\/teap.canadianchemistry.ca\\\/wp-content\\\/uploads\\\/sites\\\/3\\\/2024\\\/03\\\/Screenshot-2024-03-13-152149-1024x295.png\",\"contentUrl\":\"https:\\\/\\\/teap.canadianchemistry.ca\\\/wp-content\\\/uploads\\\/sites\\\/3\\\/2024\\\/03\\\/Screenshot-2024-03-13-152149-1024x295.png\"},{\"@type\":\"BreadcrumbList\",\"@id\":\"https:\\\/\\\/teap.canadianchemistry.ca\\\/fr\\\/training\\\/#breadcrumb\",\"itemListElement\":[{\"@type\":\"ListItem\",\"position\":1,\"name\":\"Home\",\"item\":\"https:\\\/\\\/teap.canadianchemistry.ca\\\/fr\\\/\"},{\"@type\":\"ListItem\",\"position\":2,\"name\":\"Formation\"}]},{\"@type\":\"WebSite\",\"@id\":\"https:\\\/\\\/teap.canadianchemistry.ca\\\/#website\",\"url\":\"https:\\\/\\\/teap.canadianchemistry.ca\\\/\",\"name\":\"TEAP III\",\"description\":\"\",\"potentialAction\":[{\"@type\":\"SearchAction\",\"target\":{\"@type\":\"EntryPoint\",\"urlTemplate\":\"https:\\\/\\\/teap.canadianchemistry.ca\\\/?s={search_term_string}\"},\"query-input\":{\"@type\":\"PropertyValueSpecification\",\"valueRequired\":true,\"valueName\":\"search_term_string\"}}],\"inLanguage\":\"fr-FR\"}]}<\/script>\n<!-- \/ Yoast SEO plugin. -->","yoast_head_json":{"title":"Formation - TEAP III","robots":{"index":"index","follow":"follow","max-snippet":"max-snippet:-1","max-image-preview":"max-image-preview:large","max-video-preview":"max-video-preview:-1"},"canonical":"https:\/\/teap.canadianchemistry.ca\/fr\/training\/","og_locale":"fr_FR","og_type":"article","og_title":"Formation - TEAP III","og_description":"Le programme de formation des fournisseurs de services TEAP\u00a0III porte sur l\u2019historique du programme, les principales composantes de la\u00a0Norme\u00a0TEAP\u00a0III pour les fournisseurs de services d\u2019intervention d\u2019urgence en transport,\u00a0et donne un aper\u00e7u d\u2019un certain nombre d\u2019autres documents \u00e0 l\u2019appui.\u00a0La formation est obligatoire pour toute personne qui participe au processus d\u2019\u00e9valuation. \u00a0 Formation en ligne sur la [&hellip;]","og_url":"https:\/\/teap.canadianchemistry.ca\/fr\/training\/","og_site_name":"TEAP III","article_modified_time":"2024-07-17T20:38:50+00:00","og_image":[{"url":"https:\/\/teap.canadianchemistry.ca\/wp-content\/uploads\/sites\/3\/2024\/03\/Screenshot-2024-03-13-152149-1024x295.png","type":"","width":"","height":""}],"twitter_card":"summary_large_image","twitter_misc":{"Dur\u00e9e de lecture estim\u00e9e":"2 minutes"},"schema":{"@context":"https:\/\/schema.org","@graph":[{"@type":"WebPage","@id":"https:\/\/teap.canadianchemistry.ca\/fr\/training\/","url":"https:\/\/teap.canadianchemistry.ca\/fr\/training\/","name":"Formation - TEAP III","isPartOf":{"@id":"https:\/\/teap.canadianchemistry.ca\/#website"},"primaryImageOfPage":{"@id":"https:\/\/teap.canadianchemistry.ca\/fr\/training\/#primaryimage"},"image":{"@id":"https:\/\/teap.canadianchemistry.ca\/fr\/training\/#primaryimage"},"thumbnailUrl":"https:\/\/teap.canadianchemistry.ca\/wp-content\/uploads\/sites\/3\/2024\/03\/Screenshot-2024-03-13-152149-1024x295.png","datePublished":"2023-11-23T16:00:30+00:00","dateModified":"2024-07-17T20:38:50+00:00","breadcrumb":{"@id":"https:\/\/teap.canadianchemistry.ca\/fr\/training\/#breadcrumb"},"inLanguage":"fr-FR","potentialAction":[{"@type":"ReadAction","target":["https:\/\/teap.canadianchemistry.ca\/fr\/training\/"]}]},{"@type":"ImageObject","inLanguage":"fr-FR","@id":"https:\/\/teap.canadianchemistry.ca\/fr\/training\/#primaryimage","url":"https:\/\/teap.canadianchemistry.ca\/wp-content\/uploads\/sites\/3\/2024\/03\/Screenshot-2024-03-13-152149-1024x295.png","contentUrl":"https:\/\/teap.canadianchemistry.ca\/wp-content\/uploads\/sites\/3\/2024\/03\/Screenshot-2024-03-13-152149-1024x295.png"},{"@type":"BreadcrumbList","@id":"https:\/\/teap.canadianchemistry.ca\/fr\/training\/#breadcrumb","itemListElement":[{"@type":"ListItem","position":1,"name":"Home","item":"https:\/\/teap.canadianchemistry.ca\/fr\/"},{"@type":"ListItem","position":2,"name":"Formation"}]},{"@type":"WebSite","@id":"https:\/\/teap.canadianchemistry.ca\/#website","url":"https:\/\/teap.canadianchemistry.ca\/","name":"TEAP III","description":"","potentialAction":[{"@type":"SearchAction","target":{"@type":"EntryPoint","urlTemplate":"https:\/\/teap.canadianchemistry.ca\/?s={search_term_string}"},"query-input":{"@type":"PropertyValueSpecification","valueRequired":true,"valueName":"search_term_string"}}],"inLanguage":"fr-FR"}]}},"_links":{"self":[{"href":"https:\/\/teap.canadianchemistry.ca\/fr\/wp-json\/wp\/v2\/pages\/419","targetHints":{"allow":["GET"]}}],"collection":[{"href":"https:\/\/teap.canadianchemistry.ca\/fr\/wp-json\/wp\/v2\/pages"}],"about":[{"href":"https:\/\/teap.canadianchemistry.ca\/fr\/wp-json\/wp\/v2\/types\/page"}],"author":[{"embeddable":true,"href":"https:\/\/teap.canadianchemistry.ca\/fr\/wp-json\/wp\/v2\/users\/4"}],"replies":[{"embeddable":true,"href":"https:\/\/teap.canadianchemistry.ca\/fr\/wp-json\/wp\/v2\/comments?post=419"}],"version-history":[{"count":2,"href":"https:\/\/teap.canadianchemistry.ca\/fr\/wp-json\/wp\/v2\/pages\/419\/revisions"}],"predecessor-version":[{"id":445,"href":"https:\/\/teap.canadianchemistry.ca\/fr\/wp-json\/wp\/v2\/pages\/419\/revisions\/445"}],"wp:attachment":[{"href":"https:\/\/teap.canadianchemistry.ca\/fr\/wp-json\/wp\/v2\/media?parent=419"}],"curies":[{"name":"wp","href":"https:\/\/api.w.org\/{rel}","templated":true}]}}