{"id":7,"date":"2023-11-21T20:13:08","date_gmt":"2023-11-21T20:13:08","guid":{"rendered":"https:\/\/teap.canadianchemistry.ca\/home-page\/"},"modified":"2024-12-10T20:22:38","modified_gmt":"2024-12-10T20:22:38","slug":"home-page","status":"publish","type":"page","link":"https:\/\/teap.canadianchemistry.ca\/fr\/","title":{"rendered":"Bienvenue !"},"content":{"rendered":"\n<figure class=\"wp-block-image size-full\"><img loading=\"lazy\" decoding=\"async\" width=\"960\" height=\"284\" src=\"https:\/\/chimiecanadienne.ca\/wp-content\/uploads\/sites\/3\/2024\/07\/Web-Banner-FRENCH-Marchi-2014.jpg\" alt=\"\" class=\"wp-image-447\" srcset=\"https:\/\/chimiecanadienne.ca\/wp-content\/uploads\/sites\/3\/2024\/07\/Web-Banner-FRENCH-Marchi-2014.jpg 960w, https:\/\/chimiecanadienne.ca\/wp-content\/uploads\/sites\/3\/2024\/07\/Web-Banner-FRENCH-Marchi-2014-300x89.jpg 300w, https:\/\/chimiecanadienne.ca\/wp-content\/uploads\/sites\/3\/2024\/07\/Web-Banner-FRENCH-Marchi-2014-768x227.jpg 768w\" sizes=\"auto, (max-width: 960px) 100vw, 960px\" \/><\/figure>\n\n\n\n<p>Le Programme d\u2019assistance d\u2019urgence-transport (TEAP III) de l<strong>\u2019<a href=\"http:\/\/www.canadianchemistry.ca\/index.php\/en\/index\" target=\"_blank\" rel=\"noreferrer noopener\">Association canadienne de l\u2019industrie de la chimie<\/a><\/strong>&nbsp;a \u00e9t\u00e9 con\u00e7u afin de maintenir un r\u00e9seau d\u2019intervention d\u2019urgence national pouvant att\u00e9nuer, de fa\u00e7on s\u00e9curitaire et efficace, l\u2019impact des incidents de transport de produits chimiques, partout au pays. &nbsp;Le TEAP III est un forum o\u00f9 les membres de l\u2019ACIC, les compagnies de transport et les fournisseurs de services d\u2019urgence peuvent partager de l\u2019information et des pratiques exemplaires, et encourager l\u2019am\u00e9lioration continue en mati\u00e8re de pr\u00e9paration et d\u2019intervention d\u2019urgence li\u00e9e au transport.<\/p>\n\n\n\n<p><a href=\"https:\/\/teap.canadianchemistry.ca\/wp-content\/uploads\/sites\/3\/2024\/12\/CIAC-Transportation-Emergency-Response-Standard-1.pdf\" target=\"_blank\" rel=\"noreferrer noopener\"><em><strong>Norme de l\u2019ACIC \u00e0 l\u2019\u00e9gard des interventions d\u2019urgence en transport<\/strong><\/em><\/a>\u00a0et la\u00a0<a href=\"https:\/\/teap.canadianchemistry.ca\/wp-content\/uploads\/sites\/3\/2024\/12\/TEAP-III-Transportation-Emergency-Response-Service-Provider-Standard.pdf\"><strong><em>Norme TEAP III pour les fournisseurs de services d\u2019intervention d\u2019urgence en transport<\/em><\/strong><\/a>.<\/p>\n\n\n\n<p>La\u00a0<strong><em><a href=\"https:\/\/teap.canadianchemistry.ca\/wp-content\/uploads\/sites\/3\/2024\/12\/CIAC-Transportation-Emergency-Response-Standard-1.pdf\" target=\"_blank\" rel=\"noreferrer noopener\">Norme de l\u2019ACIC \u00e0 l\u2019\u00e9gard des interventions d\u2019urgence en transport<\/a>\u00a0<\/em><\/strong>d\u00e9finit les crit\u00e8res minimaux que les compagnies membres de l\u2019ACIC doivent respecter en mati\u00e8re de pr\u00e9paration et d\u2019intervention li\u00e9es au transport routier et ferroviaire \u2013 notamment les exigences de planification, d\u2019administration, de formation, d\u2019utilisation des ressources et d\u2019\u00e9valuation. \u00a0Les membres de l\u2019ACIC peuvent trouver plus d\u2019information sur cette norme, de m\u00eame que des documents connexes, sur le site\u00a0<a href=\"http:\/\/members.canadianchemistry.ca\/\" target=\"_blank\" rel=\"noreferrer noopener\"><strong>Memberlink<\/strong><\/a>\u00a0de l\u2019association.\u00a0<em><strong><a href=\"https:\/\/teap.canadianchemistry.ca\/wp-content\/uploads\/sites\/3\/2024\/12\/TEAP-III-Transportation-Emergency-Response-Service-Provider-Standard.pdf\" target=\"_blank\" rel=\"noreferrer noopener\">La\u00a0Norme TEAP III pour les fournisseurs de services d\u2019intervention d\u2019urgence en transport<\/a><\/strong>\u00a0<\/em>d\u00e9finit les crit\u00e8res utilis\u00e9s par les \u00e9quipes du TEAP afin d\u2019\u00e9valuer la capacit\u00e9 des fournisseurs de services \u00e0 att\u00e9nuer de fa\u00e7on s\u00e9curitaire l\u2019impact des incidents li\u00e9s au transport de produits chimiques. \u00a0Une liste des fournisseurs attest\u00e9s TEAP III figure\u00a0<strong><a href=\"http:\/\/teap3.ca\/index.php\/fournisseurs-de-services\/?lang=fr\">ici<\/a><\/strong>.<\/p>\n","protected":false},"excerpt":{"rendered":"<p>Le Programme d\u2019assistance d\u2019urgence-transport (TEAP III) de l\u2019Association canadienne de l\u2019industrie de la chimie&nbsp;a \u00e9t\u00e9 con\u00e7u afin de maintenir un r\u00e9seau d\u2019intervention d\u2019urgence national pouvant att\u00e9nuer, de fa\u00e7on s\u00e9curitaire et efficace, l\u2019impact des incidents de transport de produits chimiques, partout au pays. &nbsp;Le TEAP III est un forum o\u00f9 les membres de l\u2019ACIC, les compagnies [&hellip;]<\/p>\n","protected":false},"author":13,"featured_media":0,"parent":0,"menu_order":0,"comment_status":"closed","ping_status":"closed","template":"","meta":{"_acf_changed":false,"footnotes":""},"class_list":["post-7","page","type-page","status-publish","hentry"],"acf":[],"yoast_head":"<!-- This site is optimized with the Yoast SEO plugin v27.5 - https:\/\/yoast.com\/product\/yoast-seo-wordpress\/ -->\n<title>Bienvenue ! - TEAP III<\/title>\n<meta name=\"robots\" content=\"index, follow, max-snippet:-1, max-image-preview:large, max-video-preview:-1\" \/>\n<link rel=\"canonical\" href=\"https:\/\/teap.canadianchemistry.ca\/fr\/\" \/>\n<meta property=\"og:locale\" content=\"fr_FR\" \/>\n<meta property=\"og:type\" content=\"article\" \/>\n<meta property=\"og:title\" content=\"Bienvenue ! - TEAP III\" \/>\n<meta property=\"og:description\" content=\"Le Programme d\u2019assistance d\u2019urgence-transport (TEAP III) de l\u2019Association canadienne de l\u2019industrie de la chimie&nbsp;a \u00e9t\u00e9 con\u00e7u afin de maintenir un r\u00e9seau d\u2019intervention d\u2019urgence national pouvant att\u00e9nuer, de fa\u00e7on s\u00e9curitaire et efficace, l\u2019impact des incidents de transport de produits chimiques, partout au pays. &nbsp;Le TEAP III est un forum o\u00f9 les membres de l\u2019ACIC, les compagnies [&hellip;]\" \/>\n<meta property=\"og:url\" content=\"https:\/\/teap.canadianchemistry.ca\/fr\/\" \/>\n<meta property=\"og:site_name\" content=\"TEAP III\" \/>\n<meta property=\"article:modified_time\" content=\"2024-12-10T20:22:38+00:00\" \/>\n<meta property=\"og:image\" content=\"https:\/\/chimiecanadienne.ca\/wp-content\/uploads\/sites\/3\/2024\/07\/Web-Banner-FRENCH-Marchi-2014.jpg\" \/>\n\t<meta property=\"og:image:width\" content=\"960\" \/>\n\t<meta property=\"og:image:height\" content=\"284\" \/>\n\t<meta property=\"og:image:type\" content=\"image\/jpeg\" \/>\n<meta name=\"twitter:card\" content=\"summary_large_image\" \/>\n<meta name=\"twitter:label1\" content=\"Dur\u00e9e de lecture estim\u00e9e\" \/>\n\t<meta name=\"twitter:data1\" content=\"2 minutes\" \/>\n<script type=\"application\/ld+json\" class=\"yoast-schema-graph\">{\"@context\":\"https:\\\/\\\/schema.org\",\"@graph\":[{\"@type\":\"WebPage\",\"@id\":\"https:\\\/\\\/teap.canadianchemistry.ca\\\/fr\\\/\",\"url\":\"https:\\\/\\\/teap.canadianchemistry.ca\\\/fr\\\/\",\"name\":\"Bienvenue ! - TEAP III\",\"isPartOf\":{\"@id\":\"https:\\\/\\\/teap.canadianchemistry.ca\\\/#website\"},\"primaryImageOfPage\":{\"@id\":\"https:\\\/\\\/teap.canadianchemistry.ca\\\/fr\\\/#primaryimage\"},\"image\":{\"@id\":\"https:\\\/\\\/teap.canadianchemistry.ca\\\/fr\\\/#primaryimage\"},\"thumbnailUrl\":\"https:\\\/\\\/chimiecanadienne.ca\\\/wp-content\\\/uploads\\\/sites\\\/3\\\/2024\\\/07\\\/Web-Banner-FRENCH-Marchi-2014.jpg\",\"datePublished\":\"2023-11-21T20:13:08+00:00\",\"dateModified\":\"2024-12-10T20:22:38+00:00\",\"breadcrumb\":{\"@id\":\"https:\\\/\\\/teap.canadianchemistry.ca\\\/fr\\\/#breadcrumb\"},\"inLanguage\":\"fr-FR\",\"potentialAction\":[{\"@type\":\"ReadAction\",\"target\":[\"https:\\\/\\\/teap.canadianchemistry.ca\\\/fr\\\/\"]}]},{\"@type\":\"ImageObject\",\"inLanguage\":\"fr-FR\",\"@id\":\"https:\\\/\\\/teap.canadianchemistry.ca\\\/fr\\\/#primaryimage\",\"url\":\"https:\\\/\\\/chimiecanadienne.ca\\\/wp-content\\\/uploads\\\/sites\\\/3\\\/2024\\\/07\\\/Web-Banner-FRENCH-Marchi-2014.jpg\",\"contentUrl\":\"https:\\\/\\\/chimiecanadienne.ca\\\/wp-content\\\/uploads\\\/sites\\\/3\\\/2024\\\/07\\\/Web-Banner-FRENCH-Marchi-2014.jpg\"},{\"@type\":\"BreadcrumbList\",\"@id\":\"https:\\\/\\\/teap.canadianchemistry.ca\\\/fr\\\/#breadcrumb\",\"itemListElement\":[{\"@type\":\"ListItem\",\"position\":1,\"name\":\"Home\",\"item\":\"https:\\\/\\\/teap.canadianchemistry.ca\\\/fr\\\/\"},{\"@type\":\"ListItem\",\"position\":2,\"name\":\"Bienvenue !\"}]},{\"@type\":\"WebSite\",\"@id\":\"https:\\\/\\\/teap.canadianchemistry.ca\\\/#website\",\"url\":\"https:\\\/\\\/teap.canadianchemistry.ca\\\/\",\"name\":\"TEAP III\",\"description\":\"\",\"potentialAction\":[{\"@type\":\"SearchAction\",\"target\":{\"@type\":\"EntryPoint\",\"urlTemplate\":\"https:\\\/\\\/teap.canadianchemistry.ca\\\/?s={search_term_string}\"},\"query-input\":{\"@type\":\"PropertyValueSpecification\",\"valueRequired\":true,\"valueName\":\"search_term_string\"}}],\"inLanguage\":\"fr-FR\"}]}<\/script>\n<!-- \/ Yoast SEO plugin. -->","yoast_head_json":{"title":"Bienvenue ! - TEAP III","robots":{"index":"index","follow":"follow","max-snippet":"max-snippet:-1","max-image-preview":"max-image-preview:large","max-video-preview":"max-video-preview:-1"},"canonical":"https:\/\/teap.canadianchemistry.ca\/fr\/","og_locale":"fr_FR","og_type":"article","og_title":"Bienvenue ! - TEAP III","og_description":"Le Programme d\u2019assistance d\u2019urgence-transport (TEAP III) de l\u2019Association canadienne de l\u2019industrie de la chimie&nbsp;a \u00e9t\u00e9 con\u00e7u afin de maintenir un r\u00e9seau d\u2019intervention d\u2019urgence national pouvant att\u00e9nuer, de fa\u00e7on s\u00e9curitaire et efficace, l\u2019impact des incidents de transport de produits chimiques, partout au pays. &nbsp;Le TEAP III est un forum o\u00f9 les membres de l\u2019ACIC, les compagnies [&hellip;]","og_url":"https:\/\/teap.canadianchemistry.ca\/fr\/","og_site_name":"TEAP III","article_modified_time":"2024-12-10T20:22:38+00:00","og_image":[{"width":960,"height":284,"url":"https:\/\/chimiecanadienne.ca\/wp-content\/uploads\/sites\/3\/2024\/07\/Web-Banner-FRENCH-Marchi-2014.jpg","type":"image\/jpeg"}],"twitter_card":"summary_large_image","twitter_misc":{"Dur\u00e9e de lecture estim\u00e9e":"2 minutes"},"schema":{"@context":"https:\/\/schema.org","@graph":[{"@type":"WebPage","@id":"https:\/\/teap.canadianchemistry.ca\/fr\/","url":"https:\/\/teap.canadianchemistry.ca\/fr\/","name":"Bienvenue ! - TEAP III","isPartOf":{"@id":"https:\/\/teap.canadianchemistry.ca\/#website"},"primaryImageOfPage":{"@id":"https:\/\/teap.canadianchemistry.ca\/fr\/#primaryimage"},"image":{"@id":"https:\/\/teap.canadianchemistry.ca\/fr\/#primaryimage"},"thumbnailUrl":"https:\/\/chimiecanadienne.ca\/wp-content\/uploads\/sites\/3\/2024\/07\/Web-Banner-FRENCH-Marchi-2014.jpg","datePublished":"2023-11-21T20:13:08+00:00","dateModified":"2024-12-10T20:22:38+00:00","breadcrumb":{"@id":"https:\/\/teap.canadianchemistry.ca\/fr\/#breadcrumb"},"inLanguage":"fr-FR","potentialAction":[{"@type":"ReadAction","target":["https:\/\/teap.canadianchemistry.ca\/fr\/"]}]},{"@type":"ImageObject","inLanguage":"fr-FR","@id":"https:\/\/teap.canadianchemistry.ca\/fr\/#primaryimage","url":"https:\/\/chimiecanadienne.ca\/wp-content\/uploads\/sites\/3\/2024\/07\/Web-Banner-FRENCH-Marchi-2014.jpg","contentUrl":"https:\/\/chimiecanadienne.ca\/wp-content\/uploads\/sites\/3\/2024\/07\/Web-Banner-FRENCH-Marchi-2014.jpg"},{"@type":"BreadcrumbList","@id":"https:\/\/teap.canadianchemistry.ca\/fr\/#breadcrumb","itemListElement":[{"@type":"ListItem","position":1,"name":"Home","item":"https:\/\/teap.canadianchemistry.ca\/fr\/"},{"@type":"ListItem","position":2,"name":"Bienvenue !"}]},{"@type":"WebSite","@id":"https:\/\/teap.canadianchemistry.ca\/#website","url":"https:\/\/teap.canadianchemistry.ca\/","name":"TEAP III","description":"","potentialAction":[{"@type":"SearchAction","target":{"@type":"EntryPoint","urlTemplate":"https:\/\/teap.canadianchemistry.ca\/?s={search_term_string}"},"query-input":{"@type":"PropertyValueSpecification","valueRequired":true,"valueName":"search_term_string"}}],"inLanguage":"fr-FR"}]}},"_links":{"self":[{"href":"https:\/\/teap.canadianchemistry.ca\/fr\/wp-json\/wp\/v2\/pages\/7","targetHints":{"allow":["GET"]}}],"collection":[{"href":"https:\/\/teap.canadianchemistry.ca\/fr\/wp-json\/wp\/v2\/pages"}],"about":[{"href":"https:\/\/teap.canadianchemistry.ca\/fr\/wp-json\/wp\/v2\/types\/page"}],"author":[{"embeddable":true,"href":"https:\/\/teap.canadianchemistry.ca\/fr\/wp-json\/wp\/v2\/users\/13"}],"replies":[{"embeddable":true,"href":"https:\/\/teap.canadianchemistry.ca\/fr\/wp-json\/wp\/v2\/comments?post=7"}],"version-history":[{"count":4,"href":"https:\/\/teap.canadianchemistry.ca\/fr\/wp-json\/wp\/v2\/pages\/7\/revisions"}],"predecessor-version":[{"id":583,"href":"https:\/\/teap.canadianchemistry.ca\/fr\/wp-json\/wp\/v2\/pages\/7\/revisions\/583"}],"wp:attachment":[{"href":"https:\/\/teap.canadianchemistry.ca\/fr\/wp-json\/wp\/v2\/media?parent=7"}],"curies":[{"name":"wp","href":"https:\/\/api.w.org\/{rel}","templated":true}]}}